{"id":556,"date":"2024-06-17T16:04:02","date_gmt":"2024-06-17T16:04:02","guid":{"rendered":"https:\/\/emv.upc.edu\/?page_id=556"},"modified":"2024-06-26T16:26:29","modified_gmt":"2024-06-26T16:26:29","slug":"3-testar-y-validar","status":"publish","type":"page","link":"https:\/\/emv.upc.edu\/index.php\/cast\/3-testar-y-validar\/","title":{"rendered":"3. Probar y Validar"},"content":{"rendered":"\n<div class=\"wp-block-columns is-layout-flex wp-container-core-columns-is-layout-9d6595d7 wp-block-columns-is-layout-flex\">\n<div class=\"wp-block-column is-layout-flow wp-block-column-is-layout-flow\"><\/div>\n\n\n\n<div class=\"wp-block-column is-layout-flow wp-block-column-is-layout-flow\" style=\"flex-basis:40px\">\n<figure class=\"wp-block-image size-full is-resized\"><a href=\"https:\/\/emv.upc.edu\/index.php\/cat\/3-testar-i-validar\/\"><img loading=\"lazy\" decoding=\"async\" width=\"500\" height=\"332\" src=\"https:\/\/emv.upc.edu\/wp-content\/uploads\/2024\/06\/1200px-Flag_of_Catalonia.svg-500x500-2.png\" alt=\"\" class=\"wp-image-675\" style=\"width:47px;height:auto\" srcset=\"https:\/\/emv.upc.edu\/wp-content\/uploads\/2024\/06\/1200px-Flag_of_Catalonia.svg-500x500-2.png 500w, https:\/\/emv.upc.edu\/wp-content\/uploads\/2024\/06\/1200px-Flag_of_Catalonia.svg-500x500-2-300x199.png 300w, https:\/\/emv.upc.edu\/wp-content\/uploads\/2024\/06\/1200px-Flag_of_Catalonia.svg-500x500-2-285x190.png 285w\" sizes=\"auto, (max-width: 500px) 100vw, 500px\" \/><\/a><\/figure>\n<\/div>\n\n\n\n<div class=\"wp-block-column is-layout-flow wp-block-column-is-layout-flow\" style=\"flex-basis:40px\">\n<figure class=\"wp-block-image size-full is-resized\"><a href=\"https:\/\/emv.upc.edu\/index.php\/cast\/3-testar-y-validar\/\"><img loading=\"lazy\" decoding=\"async\" width=\"275\" height=\"183\" src=\"https:\/\/emv.upc.edu\/wp-content\/uploads\/2024\/06\/flag_of_Spain.png\" alt=\"\" class=\"wp-image-670\" style=\"width:47px;height:auto\"\/><\/a><\/figure>\n<\/div>\n\n\n\n<div class=\"wp-block-column is-layout-flow wp-block-column-is-layout-flow\" style=\"flex-basis:40px\">\n<figure class=\"wp-block-image size-large is-resized\"><a href=\"https:\/\/emv.upc.edu\/index.php\/en\/3-test-and-validate\/\"><img loading=\"lazy\" decoding=\"async\" width=\"1024\" height=\"614\" src=\"https:\/\/emv.upc.edu\/wp-content\/uploads\/2024\/06\/Flag_of_the_United_Kingdom_3-5.svg_-1024x614.png\" alt=\"\" class=\"wp-image-668\" style=\"width:50px;height:auto\" srcset=\"https:\/\/emv.upc.edu\/wp-content\/uploads\/2024\/06\/Flag_of_the_United_Kingdom_3-5.svg_-1024x614.png 1024w, https:\/\/emv.upc.edu\/wp-content\/uploads\/2024\/06\/Flag_of_the_United_Kingdom_3-5.svg_-300x180.png 300w, https:\/\/emv.upc.edu\/wp-content\/uploads\/2024\/06\/Flag_of_the_United_Kingdom_3-5.svg_-768x461.png 768w, https:\/\/emv.upc.edu\/wp-content\/uploads\/2024\/06\/Flag_of_the_United_Kingdom_3-5.svg_-1536x922.png 1536w, https:\/\/emv.upc.edu\/wp-content\/uploads\/2024\/06\/Flag_of_the_United_Kingdom_3-5.svg_-2048x1229.png 2048w\" sizes=\"auto, (max-width: 1024px) 100vw, 1024px\" \/><\/a><\/figure>\n<\/div>\n<\/div>\n\n\n\n<p class=\"has-text-align-right has-small-font-size\"><a href=\"https:\/\/emv.upc.edu\/index.php\/cast\/\">Inicio<\/a> I <a href=\"https:\/\/emv.upc.edu\/index.php\/cast\/presentacion\/\">Presentaci\u00f3n<\/a> I <a href=\"https:\/\/emv.upc.edu\/index.php\/cast\/metodologia\/\">Metodolog\u00eda<\/a> I <a href=\"https:\/\/emv.upc.edu\/index.php\/cast\/recusos-cast\/\">Recursos<\/a> I <a href=\"https:\/\/emv.upc.edu\/index.php\/cast\/divulgacion\/\">Divulgaci\u00f3n<\/a><\/p>\n\n\n\n<p class=\"has-large-font-size\" style=\"font-style:normal;font-weight:800\"><strong>3. Probar y Validar<\/strong><\/p>\n\n\n\n<p>Se trata de validar el nuevo modelo propuesto que se aplica tanto a escuelas con precedentes de pruebas piloto y actuaciones, como a nuevos centros identificados previamente como potencialmente reproducibles:<br>Esta tem\u00e1tica implicar\u00e1 las siguientes tareas:<\/p>\n\n\n\n<ul class=\"wp-block-list\">\n<li>Tarea 3.1 Talleres de validaci\u00f3n del nuevo modelo en escuelas con precedentes.<\/li>\n\n\n\n<li>Tarea 3.2 Talleres de validaci\u00f3n del nuevo modelo en escuelas sin precedentes.<\/li>\n\n\n\n<li>Tarea 3.3 Monitoreo de las condiciones de calidad del aire interior (IAQ) y datos asociados al impacto en la salud.<\/li>\n<\/ul>\n\n\n\n<p><\/p>\n\n\n\n<div class=\"alignnormal\"><div id=\"metaslider-id-253\" style=\"width: 100%;\" class=\"ml-slider-3-108-0 metaslider metaslider-flex metaslider-253 ml-slider ms-theme-default nav-hidden\" role=\"region\" aria-label=\"Dispositivas 3. Testar i validar\" data-height=\"300\" data-width=\"700\">\n    <div id=\"metaslider_container_253\">\n        <div id=\"metaslider_253\">\n            <ul class='slides'>\n                <li style=\"display: block; width: 100%;\" class=\"slide-259 ms-image \" aria-roledescription=\"slide\" data-date=\"2024-01-31 12:41:16\" data-filename=\"metodologia-3.3-700x300.png\" data-slide-type=\"image\"><img loading=\"lazy\" decoding=\"async\" src=\"https:\/\/emv.upc.edu\/wp-content\/uploads\/2024\/01\/metodologia-3.3-700x300.png\" height=\"300\" width=\"700\" alt=\"\" class=\"slider-253 slide-259 msDefaultImage\" title=\"metodologia 3.3\" \/><\/li>\n                <li style=\"display: none; width: 100%;\" class=\"slide-254 ms-image \" aria-roledescription=\"slide\" data-date=\"2024-01-31 12:35:14\" data-filename=\"metodologia-3.png\" data-slide-type=\"image\"><img loading=\"lazy\" decoding=\"async\" src=\"https:\/\/emv.upc.edu\/wp-content\/uploads\/2024\/01\/metodologia-3.png\" height=\"300\" width=\"700\" alt=\"\" class=\"slider-253 slide-254 msDefaultImage\" title=\"metodologia-3\" \/><\/li>\n                <li style=\"display: none; width: 100%;\" class=\"slide-256 ms-image \" aria-roledescription=\"slide\" data-date=\"2024-01-31 12:35:44\" data-filename=\"metodologia-3.1-700x300.png\" data-slide-type=\"image\"><img loading=\"lazy\" decoding=\"async\" src=\"https:\/\/emv.upc.edu\/wp-content\/uploads\/2024\/01\/metodologia-3.1-700x300.png\" height=\"300\" width=\"700\" alt=\"\" class=\"slider-253 slide-256 msDefaultImage\" title=\"metodologia 3.1\" \/><\/li>\n            <\/ul>\n        <\/div>\n        \n    <\/div>\n<\/div><\/div>\n","protected":false},"excerpt":{"rendered":"<p>Inicio I Presentaci\u00f3n I Metodolog\u00eda I Recursos I Divulgaci\u00f3n 3. Probar y Validar Se trata de validar el nuevo modelo propuesto que se aplica tanto a escuelas con precedentes de pruebas piloto y actuaciones, como a nuevos centros identificados previamente como potencialmente reproducibles:Esta tem\u00e1tica implicar\u00e1 las siguientes tareas:<\/p>\n","protected":false},"author":2,"featured_media":0,"parent":531,"menu_order":0,"comment_status":"closed","ping_status":"closed","template":"","meta":{"footnotes":""},"class_list":["post-556","page","type-page","status-publish","hentry"],"yoast_head":"<!-- This site is optimized with the Yoast SEO plugin v22.9 - https:\/\/yoast.com\/wordpress\/plugins\/seo\/ -->\n<title>3. Probar y Validar -<\/title>\n<meta name=\"robots\" content=\"index, follow, max-snippet:-1, max-image-preview:large, max-video-preview:-1\" \/>\n<link rel=\"canonical\" href=\"https:\/\/emv.upc.edu\/index.php\/cast\/3-testar-y-validar\/\" \/>\n<meta property=\"og:locale\" content=\"en_US\" \/>\n<meta property=\"og:type\" content=\"article\" \/>\n<meta property=\"og:title\" content=\"3. Probar y Validar -\" \/>\n<meta property=\"og:description\" content=\"Inicio I Presentaci\u00f3n I Metodolog\u00eda I Recursos I Divulgaci\u00f3n 3. Probar y Validar Se trata de validar el nuevo modelo propuesto que se aplica tanto a escuelas con precedentes de pruebas piloto y actuaciones, como a nuevos centros identificados previamente como potencialmente reproducibles:Esta tem\u00e1tica implicar\u00e1 las siguientes tareas:\" \/>\n<meta property=\"og:url\" content=\"https:\/\/emv.upc.edu\/index.php\/cast\/3-testar-y-validar\/\" \/>\n<meta property=\"article:modified_time\" content=\"2024-06-26T16:26:29+00:00\" \/>\n<meta property=\"og:image\" content=\"https:\/\/emv.upc.edu\/wp-content\/uploads\/2024\/06\/1200px-Flag_of_Catalonia.svg-500x500-2.png\" \/>\n<meta name=\"twitter:card\" content=\"summary_large_image\" \/>\n<meta name=\"twitter:label1\" content=\"Est. reading time\" \/>\n\t<meta name=\"twitter:data1\" content=\"2 minutes\" \/>\n<script type=\"application\/ld+json\" class=\"yoast-schema-graph\">{\"@context\":\"https:\/\/schema.org\",\"@graph\":[{\"@type\":\"WebPage\",\"@id\":\"https:\/\/emv.upc.edu\/index.php\/cast\/3-testar-y-validar\/\",\"url\":\"https:\/\/emv.upc.edu\/index.php\/cast\/3-testar-y-validar\/\",\"name\":\"3. Probar y Validar -\",\"isPartOf\":{\"@id\":\"https:\/\/emv.upc.edu\/#website\"},\"primaryImageOfPage\":{\"@id\":\"https:\/\/emv.upc.edu\/index.php\/cast\/3-testar-y-validar\/#primaryimage\"},\"image\":{\"@id\":\"https:\/\/emv.upc.edu\/index.php\/cast\/3-testar-y-validar\/#primaryimage\"},\"thumbnailUrl\":\"https:\/\/emv.upc.edu\/wp-content\/uploads\/2024\/06\/1200px-Flag_of_Catalonia.svg-500x500-2.png\",\"datePublished\":\"2024-06-17T16:04:02+00:00\",\"dateModified\":\"2024-06-26T16:26:29+00:00\",\"breadcrumb\":{\"@id\":\"https:\/\/emv.upc.edu\/index.php\/cast\/3-testar-y-validar\/#breadcrumb\"},\"inLanguage\":\"en-US\",\"potentialAction\":[{\"@type\":\"ReadAction\",\"target\":[\"https:\/\/emv.upc.edu\/index.php\/cast\/3-testar-y-validar\/\"]}]},{\"@type\":\"ImageObject\",\"inLanguage\":\"en-US\",\"@id\":\"https:\/\/emv.upc.edu\/index.php\/cast\/3-testar-y-validar\/#primaryimage\",\"url\":\"https:\/\/emv.upc.edu\/wp-content\/uploads\/2024\/06\/1200px-Flag_of_Catalonia.svg-500x500-2.png\",\"contentUrl\":\"https:\/\/emv.upc.edu\/wp-content\/uploads\/2024\/06\/1200px-Flag_of_Catalonia.svg-500x500-2.png\",\"width\":500,\"height\":332},{\"@type\":\"BreadcrumbList\",\"@id\":\"https:\/\/emv.upc.edu\/index.php\/cast\/3-testar-y-validar\/#breadcrumb\",\"itemListElement\":[{\"@type\":\"ListItem\",\"position\":1,\"name\":\"Portada\",\"item\":\"https:\/\/emv.upc.edu\/\"},{\"@type\":\"ListItem\",\"position\":2,\"name\":\"3. Probar y Validar\"}]},{\"@type\":\"WebSite\",\"@id\":\"https:\/\/emv.upc.edu\/#website\",\"url\":\"https:\/\/emv.upc.edu\/\",\"name\":\"\",\"description\":\"\",\"potentialAction\":[{\"@type\":\"SearchAction\",\"target\":{\"@type\":\"EntryPoint\",\"urlTemplate\":\"https:\/\/emv.upc.edu\/?s={search_term_string}\"},\"query-input\":\"required name=search_term_string\"}],\"inLanguage\":\"en-US\"}]}<\/script>\n<!-- \/ Yoast SEO plugin. -->","yoast_head_json":{"title":"3. Probar y Validar -","robots":{"index":"index","follow":"follow","max-snippet":"max-snippet:-1","max-image-preview":"max-image-preview:large","max-video-preview":"max-video-preview:-1"},"canonical":"https:\/\/emv.upc.edu\/index.php\/cast\/3-testar-y-validar\/","og_locale":"en_US","og_type":"article","og_title":"3. Probar y Validar -","og_description":"Inicio I Presentaci\u00f3n I Metodolog\u00eda I Recursos I Divulgaci\u00f3n 3. Probar y Validar Se trata de validar el nuevo modelo propuesto que se aplica tanto a escuelas con precedentes de pruebas piloto y actuaciones, como a nuevos centros identificados previamente como potencialmente reproducibles:Esta tem\u00e1tica implicar\u00e1 las siguientes tareas:","og_url":"https:\/\/emv.upc.edu\/index.php\/cast\/3-testar-y-validar\/","article_modified_time":"2024-06-26T16:26:29+00:00","og_image":[{"url":"https:\/\/emv.upc.edu\/wp-content\/uploads\/2024\/06\/1200px-Flag_of_Catalonia.svg-500x500-2.png"}],"twitter_card":"summary_large_image","twitter_misc":{"Est. reading time":"2 minutes"},"schema":{"@context":"https:\/\/schema.org","@graph":[{"@type":"WebPage","@id":"https:\/\/emv.upc.edu\/index.php\/cast\/3-testar-y-validar\/","url":"https:\/\/emv.upc.edu\/index.php\/cast\/3-testar-y-validar\/","name":"3. Probar y Validar -","isPartOf":{"@id":"https:\/\/emv.upc.edu\/#website"},"primaryImageOfPage":{"@id":"https:\/\/emv.upc.edu\/index.php\/cast\/3-testar-y-validar\/#primaryimage"},"image":{"@id":"https:\/\/emv.upc.edu\/index.php\/cast\/3-testar-y-validar\/#primaryimage"},"thumbnailUrl":"https:\/\/emv.upc.edu\/wp-content\/uploads\/2024\/06\/1200px-Flag_of_Catalonia.svg-500x500-2.png","datePublished":"2024-06-17T16:04:02+00:00","dateModified":"2024-06-26T16:26:29+00:00","breadcrumb":{"@id":"https:\/\/emv.upc.edu\/index.php\/cast\/3-testar-y-validar\/#breadcrumb"},"inLanguage":"en-US","potentialAction":[{"@type":"ReadAction","target":["https:\/\/emv.upc.edu\/index.php\/cast\/3-testar-y-validar\/"]}]},{"@type":"ImageObject","inLanguage":"en-US","@id":"https:\/\/emv.upc.edu\/index.php\/cast\/3-testar-y-validar\/#primaryimage","url":"https:\/\/emv.upc.edu\/wp-content\/uploads\/2024\/06\/1200px-Flag_of_Catalonia.svg-500x500-2.png","contentUrl":"https:\/\/emv.upc.edu\/wp-content\/uploads\/2024\/06\/1200px-Flag_of_Catalonia.svg-500x500-2.png","width":500,"height":332},{"@type":"BreadcrumbList","@id":"https:\/\/emv.upc.edu\/index.php\/cast\/3-testar-y-validar\/#breadcrumb","itemListElement":[{"@type":"ListItem","position":1,"name":"Portada","item":"https:\/\/emv.upc.edu\/"},{"@type":"ListItem","position":2,"name":"3. Probar y Validar"}]},{"@type":"WebSite","@id":"https:\/\/emv.upc.edu\/#website","url":"https:\/\/emv.upc.edu\/","name":"","description":"","potentialAction":[{"@type":"SearchAction","target":{"@type":"EntryPoint","urlTemplate":"https:\/\/emv.upc.edu\/?s={search_term_string}"},"query-input":"required name=search_term_string"}],"inLanguage":"en-US"}]}},"_links":{"self":[{"href":"https:\/\/emv.upc.edu\/index.php\/wp-json\/wp\/v2\/pages\/556","targetHints":{"allow":["GET"]}}],"collection":[{"href":"https:\/\/emv.upc.edu\/index.php\/wp-json\/wp\/v2\/pages"}],"about":[{"href":"https:\/\/emv.upc.edu\/index.php\/wp-json\/wp\/v2\/types\/page"}],"author":[{"embeddable":true,"href":"https:\/\/emv.upc.edu\/index.php\/wp-json\/wp\/v2\/users\/2"}],"replies":[{"embeddable":true,"href":"https:\/\/emv.upc.edu\/index.php\/wp-json\/wp\/v2\/comments?post=556"}],"version-history":[{"count":4,"href":"https:\/\/emv.upc.edu\/index.php\/wp-json\/wp\/v2\/pages\/556\/revisions"}],"predecessor-version":[{"id":712,"href":"https:\/\/emv.upc.edu\/index.php\/wp-json\/wp\/v2\/pages\/556\/revisions\/712"}],"up":[{"embeddable":true,"href":"https:\/\/emv.upc.edu\/index.php\/wp-json\/wp\/v2\/pages\/531"}],"wp:attachment":[{"href":"https:\/\/emv.upc.edu\/index.php\/wp-json\/wp\/v2\/media?parent=556"}],"curies":[{"name":"wp","href":"https:\/\/api.w.org\/{rel}","templated":true}]}}