{"id":36,"date":"2024-01-24T09:25:50","date_gmt":"2024-01-24T09:25:50","guid":{"rendered":"https:\/\/emv.upc.edu\/?page_id=36"},"modified":"2024-06-26T11:33:58","modified_gmt":"2024-06-26T11:33:58","slug":"2-compartir-co-crear-investigar","status":"publish","type":"page","link":"https:\/\/emv.upc.edu\/index.php\/cat\/2-compartir-co-crear-investigar\/","title":{"rendered":"2. Compartir, Co-Crear, Investigar"},"content":{"rendered":"\n<div class=\"wp-block-columns is-layout-flex wp-container-core-columns-is-layout-9d6595d7 wp-block-columns-is-layout-flex\">\n<div class=\"wp-block-column is-layout-flow wp-block-column-is-layout-flow\"><\/div>\n\n\n\n<div class=\"wp-block-column is-layout-flow wp-block-column-is-layout-flow\" style=\"flex-basis:40px\">\n<figure class=\"wp-block-image size-full is-resized\"><a href=\"https:\/\/emv.upc.edu\/index.php\/cat\/2-compartir-co-crear-investigar\/\"><img loading=\"lazy\" decoding=\"async\" width=\"500\" height=\"332\" src=\"https:\/\/emv.upc.edu\/wp-content\/uploads\/2024\/06\/1200px-Flag_of_Catalonia.svg-500x500-2.png\" alt=\"\" class=\"wp-image-675\" style=\"width:47px;height:auto\" srcset=\"https:\/\/emv.upc.edu\/wp-content\/uploads\/2024\/06\/1200px-Flag_of_Catalonia.svg-500x500-2.png 500w, https:\/\/emv.upc.edu\/wp-content\/uploads\/2024\/06\/1200px-Flag_of_Catalonia.svg-500x500-2-300x199.png 300w, https:\/\/emv.upc.edu\/wp-content\/uploads\/2024\/06\/1200px-Flag_of_Catalonia.svg-500x500-2-285x190.png 285w\" sizes=\"auto, (max-width: 500px) 100vw, 500px\" \/><\/a><\/figure>\n<\/div>\n\n\n\n<div class=\"wp-block-column is-layout-flow wp-block-column-is-layout-flow\" style=\"flex-basis:40px\">\n<figure class=\"wp-block-image size-full is-resized\"><a href=\"https:\/\/emv.upc.edu\/index.php\/cast\/2-compartir-co-crear-e-investigar\/\"><img loading=\"lazy\" decoding=\"async\" width=\"275\" height=\"183\" src=\"https:\/\/emv.upc.edu\/wp-content\/uploads\/2024\/06\/flag_of_Spain.png\" alt=\"\" class=\"wp-image-670\" style=\"width:47px;height:auto\"\/><\/a><\/figure>\n<\/div>\n\n\n\n<div class=\"wp-block-column is-layout-flow wp-block-column-is-layout-flow\" style=\"flex-basis:40px\">\n<figure class=\"wp-block-image size-large is-resized\"><a href=\"https:\/\/emv.upc.edu\/index.php\/en\/2-share-co-creat-research\/\"><img loading=\"lazy\" decoding=\"async\" width=\"1024\" height=\"614\" src=\"https:\/\/emv.upc.edu\/wp-content\/uploads\/2024\/06\/Flag_of_the_United_Kingdom_3-5.svg_-1024x614.png\" alt=\"\" class=\"wp-image-668\" style=\"width:50px;height:auto\" srcset=\"https:\/\/emv.upc.edu\/wp-content\/uploads\/2024\/06\/Flag_of_the_United_Kingdom_3-5.svg_-1024x614.png 1024w, https:\/\/emv.upc.edu\/wp-content\/uploads\/2024\/06\/Flag_of_the_United_Kingdom_3-5.svg_-300x180.png 300w, https:\/\/emv.upc.edu\/wp-content\/uploads\/2024\/06\/Flag_of_the_United_Kingdom_3-5.svg_-768x461.png 768w, https:\/\/emv.upc.edu\/wp-content\/uploads\/2024\/06\/Flag_of_the_United_Kingdom_3-5.svg_-1536x922.png 1536w, https:\/\/emv.upc.edu\/wp-content\/uploads\/2024\/06\/Flag_of_the_United_Kingdom_3-5.svg_-2048x1229.png 2048w\" sizes=\"auto, (max-width: 1024px) 100vw, 1024px\" \/><\/a><\/figure>\n<\/div>\n<\/div>\n\n\n\n<p class=\"has-text-align-right has-small-font-size\"><a href=\"https:\/\/emv.upc.edu\/\">Inici<\/a> I <a href=\"https:\/\/emv.upc.edu\/index.php\/cat\/presentacio\/\">Presentaci\u00f3<\/a> I <a href=\"https:\/\/emv.upc.edu\/index.php\/cat\/metodologia\/\">Metodologia<\/a> I <a href=\"https:\/\/emv.upc.edu\/index.php\/cat\/recursos\/\">Recursos<\/a> I <a href=\"https:\/\/emv.upc.edu\/index.php\/cat\/divulgacio\/\">Divulgaci\u00f3<\/a><\/p>\n\n\n\n<p class=\"has-large-font-size\" style=\"font-style:normal;font-weight:800\"><strong>2. Compartir, Co-Crear i Investigar<\/strong><\/p>\n\n\n\n<p>A partir dels resultats de la tasca 1 i una vegada identificats els aspectes a millorar o complimentar, es dissenyaran, d&#8217;una banda, tallers de participaci\u00f3 i co-creaci\u00f3 amb les comunitats educatives i de forma paral\u00b7lela es treballa en la investigaci\u00f3 d&#8217;aspectes relacionats amb la consideraci\u00f3 dels impactes sobre la salut i els condicionats que determinen l&#8217;\u00fas d&#8217;estrat\u00e8gies passives als edificis. El desenvolupament d&#8217;aquestes activitats permetr\u00e0 disposar d&#8217;un nou model de treball potencialment reprodu\u00efble.<br>Aquesta tem\u00e0tica comportar\u00e0 les seg\u00fcents tasques:<\/p>\n\n\n\n<ul class=\"wp-block-list\">\n<li>Tasca 2.1 Tallers de diagnosi, sensibilitzaci\u00f3 i co-creaci\u00f3.<\/li>\n\n\n\n<li>Tasca 2.2 Recerca sobre la qualitat de l&#8217;aire interior (IAQ) i els impactes en la salut.<\/li>\n\n\n\n<li>Tasca 2.3 Recerca sobre el potencial de reproductibilitat d&#8217;estrat\u00e8gies de ventilaci\u00f3 natural al parc d&#8217;escoles i centres.<\/li>\n\n\n\n<li>Tasca 2.4 Proposta d&#8217;un model de treball (diagnosi, oportunitats i intervencions potencials).<\/li>\n<\/ul>\n\n\n\n<p><\/p>\n\n\n\n<div class=\"alignnormal\"><div id=\"metaslider-id-246\" style=\"width: 100%;\" class=\"ml-slider-3-108-0 metaslider metaslider-flex metaslider-246 ml-slider ms-theme-default nav-hidden\" role=\"region\" aria-label=\"Dispositivas 2. Compartir, co-crear\" data-height=\"300\" data-width=\"700\">\n    <div id=\"metaslider_container_246\">\n        <div id=\"metaslider_246\">\n            <ul class='slides'>\n                <li style=\"display: block; width: 100%;\" class=\"slide-247 ms-image \" aria-roledescription=\"slide\" data-date=\"2024-01-31 12:20:20\" data-filename=\"metodologia-2.png\" data-slide-type=\"image\"><img loading=\"lazy\" decoding=\"async\" src=\"https:\/\/emv.upc.edu\/wp-content\/uploads\/2024\/01\/metodologia-2.png\" height=\"300\" width=\"700\" alt=\"\" class=\"slider-246 slide-247 msDefaultImage\" title=\"metodologia-2\" \/><\/li>\n                <li style=\"display: none; width: 100%;\" class=\"slide-249 ms-image \" aria-roledescription=\"slide\" data-date=\"2024-01-31 12:22:37\" data-filename=\"metodologia-2.1-700x300.png\" data-slide-type=\"image\"><img loading=\"lazy\" decoding=\"async\" src=\"https:\/\/emv.upc.edu\/wp-content\/uploads\/2024\/01\/metodologia-2.1-700x300.png\" height=\"300\" width=\"700\" alt=\"\" class=\"slider-246 slide-249 msDefaultImage\" title=\"metodologia 2.1\" \/><\/li>\n            <\/ul>\n        <\/div>\n        \n    <\/div>\n<\/div><\/div>\n","protected":false},"excerpt":{"rendered":"<p>Inici I Presentaci\u00f3 I Metodologia I Recursos I Divulgaci\u00f3 2. Compartir, Co-Crear i Investigar A partir dels resultats de la tasca 1 i una vegada identificats els aspectes a millorar o complimentar, es dissenyaran, d&#8217;una banda, tallers de participaci\u00f3 i co-creaci\u00f3 amb les comunitats educatives i de forma paral\u00b7lela es treballa en la investigaci\u00f3 d&#8217;aspectes<span class=\"post-excerpt-end\">&hellip;<\/span><\/p>\n<p class=\"more-link\"><a href=\"https:\/\/emv.upc.edu\/index.php\/cat\/2-compartir-co-crear-investigar\/\" class=\"themebutton\">Read More<\/a><\/p>\n","protected":false},"author":2,"featured_media":0,"parent":403,"menu_order":0,"comment_status":"closed","ping_status":"closed","template":"","meta":{"footnotes":""},"class_list":["post-36","page","type-page","status-publish","hentry"],"yoast_head":"<!-- This site is optimized with the Yoast SEO plugin v22.9 - https:\/\/yoast.com\/wordpress\/plugins\/seo\/ -->\n<title>2. Compartir, Co-Crear, Investigar -<\/title>\n<meta name=\"robots\" content=\"index, follow, max-snippet:-1, max-image-preview:large, max-video-preview:-1\" \/>\n<link rel=\"canonical\" href=\"https:\/\/emv.upc.edu\/index.php\/cat\/2-compartir-co-crear-investigar\/\" \/>\n<meta property=\"og:locale\" content=\"en_US\" \/>\n<meta property=\"og:type\" content=\"article\" \/>\n<meta property=\"og:title\" content=\"2. Compartir, Co-Crear, Investigar -\" \/>\n<meta property=\"og:description\" content=\"Inici I Presentaci\u00f3 I Metodologia I Recursos I Divulgaci\u00f3 2. Compartir, Co-Crear i Investigar A partir dels resultats de la tasca 1 i una vegada identificats els aspectes a millorar o complimentar, es dissenyaran, d&#8217;una banda, tallers de participaci\u00f3 i co-creaci\u00f3 amb les comunitats educatives i de forma paral\u00b7lela es treballa en la investigaci\u00f3 d&#8217;aspectes&hellip;Read More\" \/>\n<meta property=\"og:url\" content=\"https:\/\/emv.upc.edu\/index.php\/cat\/2-compartir-co-crear-investigar\/\" \/>\n<meta property=\"article:modified_time\" content=\"2024-06-26T11:33:58+00:00\" \/>\n<meta property=\"og:image\" content=\"https:\/\/emv.upc.edu\/wp-content\/uploads\/2024\/06\/1200px-Flag_of_Catalonia.svg-500x500-2.png\" \/>\n<meta name=\"twitter:card\" content=\"summary_large_image\" \/>\n<meta name=\"twitter:label1\" content=\"Est. reading time\" \/>\n\t<meta name=\"twitter:data1\" content=\"2 minutes\" \/>\n<script type=\"application\/ld+json\" class=\"yoast-schema-graph\">{\"@context\":\"https:\/\/schema.org\",\"@graph\":[{\"@type\":\"WebPage\",\"@id\":\"https:\/\/emv.upc.edu\/index.php\/cat\/2-compartir-co-crear-investigar\/\",\"url\":\"https:\/\/emv.upc.edu\/index.php\/cat\/2-compartir-co-crear-investigar\/\",\"name\":\"2. Compartir, Co-Crear, Investigar -\",\"isPartOf\":{\"@id\":\"https:\/\/emv.upc.edu\/#website\"},\"primaryImageOfPage\":{\"@id\":\"https:\/\/emv.upc.edu\/index.php\/cat\/2-compartir-co-crear-investigar\/#primaryimage\"},\"image\":{\"@id\":\"https:\/\/emv.upc.edu\/index.php\/cat\/2-compartir-co-crear-investigar\/#primaryimage\"},\"thumbnailUrl\":\"https:\/\/emv.upc.edu\/wp-content\/uploads\/2024\/06\/1200px-Flag_of_Catalonia.svg-500x500-2.png\",\"datePublished\":\"2024-01-24T09:25:50+00:00\",\"dateModified\":\"2024-06-26T11:33:58+00:00\",\"breadcrumb\":{\"@id\":\"https:\/\/emv.upc.edu\/index.php\/cat\/2-compartir-co-crear-investigar\/#breadcrumb\"},\"inLanguage\":\"en-US\",\"potentialAction\":[{\"@type\":\"ReadAction\",\"target\":[\"https:\/\/emv.upc.edu\/index.php\/cat\/2-compartir-co-crear-investigar\/\"]}]},{\"@type\":\"ImageObject\",\"inLanguage\":\"en-US\",\"@id\":\"https:\/\/emv.upc.edu\/index.php\/cat\/2-compartir-co-crear-investigar\/#primaryimage\",\"url\":\"https:\/\/emv.upc.edu\/wp-content\/uploads\/2024\/06\/1200px-Flag_of_Catalonia.svg-500x500-2.png\",\"contentUrl\":\"https:\/\/emv.upc.edu\/wp-content\/uploads\/2024\/06\/1200px-Flag_of_Catalonia.svg-500x500-2.png\",\"width\":500,\"height\":332},{\"@type\":\"BreadcrumbList\",\"@id\":\"https:\/\/emv.upc.edu\/index.php\/cat\/2-compartir-co-crear-investigar\/#breadcrumb\",\"itemListElement\":[{\"@type\":\"ListItem\",\"position\":1,\"name\":\"Portada\",\"item\":\"https:\/\/emv.upc.edu\/\"},{\"@type\":\"ListItem\",\"position\":2,\"name\":\"E + V &#8211; Escoles m\u00e9s ventilades\",\"item\":\"https:\/\/emv.upc.edu\/\"},{\"@type\":\"ListItem\",\"position\":3,\"name\":\"2. Compartir, Co-Crear, Investigar\"}]},{\"@type\":\"WebSite\",\"@id\":\"https:\/\/emv.upc.edu\/#website\",\"url\":\"https:\/\/emv.upc.edu\/\",\"name\":\"\",\"description\":\"\",\"potentialAction\":[{\"@type\":\"SearchAction\",\"target\":{\"@type\":\"EntryPoint\",\"urlTemplate\":\"https:\/\/emv.upc.edu\/?s={search_term_string}\"},\"query-input\":\"required name=search_term_string\"}],\"inLanguage\":\"en-US\"}]}<\/script>\n<!-- \/ Yoast SEO plugin. -->","yoast_head_json":{"title":"2. Compartir, Co-Crear, Investigar -","robots":{"index":"index","follow":"follow","max-snippet":"max-snippet:-1","max-image-preview":"max-image-preview:large","max-video-preview":"max-video-preview:-1"},"canonical":"https:\/\/emv.upc.edu\/index.php\/cat\/2-compartir-co-crear-investigar\/","og_locale":"en_US","og_type":"article","og_title":"2. Compartir, Co-Crear, Investigar -","og_description":"Inici I Presentaci\u00f3 I Metodologia I Recursos I Divulgaci\u00f3 2. Compartir, Co-Crear i Investigar A partir dels resultats de la tasca 1 i una vegada identificats els aspectes a millorar o complimentar, es dissenyaran, d&#8217;una banda, tallers de participaci\u00f3 i co-creaci\u00f3 amb les comunitats educatives i de forma paral\u00b7lela es treballa en la investigaci\u00f3 d&#8217;aspectes&hellip;Read More","og_url":"https:\/\/emv.upc.edu\/index.php\/cat\/2-compartir-co-crear-investigar\/","article_modified_time":"2024-06-26T11:33:58+00:00","og_image":[{"url":"https:\/\/emv.upc.edu\/wp-content\/uploads\/2024\/06\/1200px-Flag_of_Catalonia.svg-500x500-2.png"}],"twitter_card":"summary_large_image","twitter_misc":{"Est. reading time":"2 minutes"},"schema":{"@context":"https:\/\/schema.org","@graph":[{"@type":"WebPage","@id":"https:\/\/emv.upc.edu\/index.php\/cat\/2-compartir-co-crear-investigar\/","url":"https:\/\/emv.upc.edu\/index.php\/cat\/2-compartir-co-crear-investigar\/","name":"2. Compartir, Co-Crear, Investigar -","isPartOf":{"@id":"https:\/\/emv.upc.edu\/#website"},"primaryImageOfPage":{"@id":"https:\/\/emv.upc.edu\/index.php\/cat\/2-compartir-co-crear-investigar\/#primaryimage"},"image":{"@id":"https:\/\/emv.upc.edu\/index.php\/cat\/2-compartir-co-crear-investigar\/#primaryimage"},"thumbnailUrl":"https:\/\/emv.upc.edu\/wp-content\/uploads\/2024\/06\/1200px-Flag_of_Catalonia.svg-500x500-2.png","datePublished":"2024-01-24T09:25:50+00:00","dateModified":"2024-06-26T11:33:58+00:00","breadcrumb":{"@id":"https:\/\/emv.upc.edu\/index.php\/cat\/2-compartir-co-crear-investigar\/#breadcrumb"},"inLanguage":"en-US","potentialAction":[{"@type":"ReadAction","target":["https:\/\/emv.upc.edu\/index.php\/cat\/2-compartir-co-crear-investigar\/"]}]},{"@type":"ImageObject","inLanguage":"en-US","@id":"https:\/\/emv.upc.edu\/index.php\/cat\/2-compartir-co-crear-investigar\/#primaryimage","url":"https:\/\/emv.upc.edu\/wp-content\/uploads\/2024\/06\/1200px-Flag_of_Catalonia.svg-500x500-2.png","contentUrl":"https:\/\/emv.upc.edu\/wp-content\/uploads\/2024\/06\/1200px-Flag_of_Catalonia.svg-500x500-2.png","width":500,"height":332},{"@type":"BreadcrumbList","@id":"https:\/\/emv.upc.edu\/index.php\/cat\/2-compartir-co-crear-investigar\/#breadcrumb","itemListElement":[{"@type":"ListItem","position":1,"name":"Portada","item":"https:\/\/emv.upc.edu\/"},{"@type":"ListItem","position":2,"name":"E + V &#8211; Escoles m\u00e9s ventilades","item":"https:\/\/emv.upc.edu\/"},{"@type":"ListItem","position":3,"name":"2. Compartir, Co-Crear, Investigar"}]},{"@type":"WebSite","@id":"https:\/\/emv.upc.edu\/#website","url":"https:\/\/emv.upc.edu\/","name":"","description":"","potentialAction":[{"@type":"SearchAction","target":{"@type":"EntryPoint","urlTemplate":"https:\/\/emv.upc.edu\/?s={search_term_string}"},"query-input":"required name=search_term_string"}],"inLanguage":"en-US"}]}},"_links":{"self":[{"href":"https:\/\/emv.upc.edu\/index.php\/wp-json\/wp\/v2\/pages\/36","targetHints":{"allow":["GET"]}}],"collection":[{"href":"https:\/\/emv.upc.edu\/index.php\/wp-json\/wp\/v2\/pages"}],"about":[{"href":"https:\/\/emv.upc.edu\/index.php\/wp-json\/wp\/v2\/types\/page"}],"author":[{"embeddable":true,"href":"https:\/\/emv.upc.edu\/index.php\/wp-json\/wp\/v2\/users\/2"}],"replies":[{"embeddable":true,"href":"https:\/\/emv.upc.edu\/index.php\/wp-json\/wp\/v2\/comments?post=36"}],"version-history":[{"count":11,"href":"https:\/\/emv.upc.edu\/index.php\/wp-json\/wp\/v2\/pages\/36\/revisions"}],"predecessor-version":[{"id":689,"href":"https:\/\/emv.upc.edu\/index.php\/wp-json\/wp\/v2\/pages\/36\/revisions\/689"}],"up":[{"embeddable":true,"href":"https:\/\/emv.upc.edu\/index.php\/wp-json\/wp\/v2\/pages\/403"}],"wp:attachment":[{"href":"https:\/\/emv.upc.edu\/index.php\/wp-json\/wp\/v2\/media?parent=36"}],"curies":[{"name":"wp","href":"https:\/\/api.w.org\/{rel}","templated":true}]}}